{"id":36,"date":"2021-01-22T15:55:15","date_gmt":"2021-01-22T14:55:15","guid":{"rendered":"https:\/\/www.penzenauer.at\/blog\/?page_id=36"},"modified":"2021-04-29T21:38:08","modified_gmt":"2021-04-29T19:38:08","slug":"home","status":"publish","type":"page","link":"https:\/\/www.penzenauer.at\/blog\/","title":{"rendered":"Home"},"content":{"rendered":"[et_pb_section fb_built=&#8220;1&#8243; admin_label=&#8220;Hero Section&#8220; _builder_version=&#8220;4.9.4&#8243; background_color_gradient_direction=&#8220;90deg&#8220; background_image=&#8220;https:\/\/www.penzenauer.at\/blog\/wp-content\/uploads\/2021\/01\/startscreen.jpg&#8220; background_position=&#8220;bottom_center&#8220; custom_margin=&#8220;|||&#8220; custom_padding=&#8220;5em|0px|10em|0px|false|false&#8220;][et_pb_row custom_padding_last_edited=&#8220;off|desktop&#8220; admin_label=&#8220;Hero Area&#8220; _builder_version=&#8220;3.25&#8243; custom_padding=&#8220;27px|0px|0px|0px&#8220;][et_pb_column type=&#8220;4_4&#8243; _builder_version=&#8220;3.25&#8243; custom_padding=&#8220;|||&#8220; custom_padding__hover=&#8220;|||&#8220;][et_pb_text admin_label=&#8220;Hero Title&#8220; _builder_version=&#8220;4.9.4&#8243; text_font=&#8220;Playfair Display||||||||&#8220; header_font=&#8220;Open Sans||||||||&#8220; header_text_color=&#8220;#FFFFFF&#8220; header_font_size=&#8220;80px&#8220; header_letter_spacing=&#8220;-3px&#8220; header_line_height=&#8220;1.1em&#8220; custom_margin=&#8220;||0px|&#8220; custom_padding=&#8220;|||&#8220; animation_style=&#8220;slide&#8220; animation_direction=&#8220;left&#8220; animation_intensity_slide=&#8220;5%&#8220; animation_starting_opacity=&#8220;100%&#8220; text_font_size_last_edited=&#8220;off|desktop&#8220; header_font_size_tablet=&#8220;&#8220; header_font_size_phone=&#8220;60px&#8220; header_font_size_last_edited=&#8220;on|phone&#8220; header_text_shadow_style=&#8220;preset1&#8243;]<h1>Blog<\/h1>[\/et_pb_text][et_pb_text _builder_version=&#8220;4.9.4&#8243; text_font=&#8220;||||||||&#8220; text_font_size=&#8220;18px&#8220; text_line_height=&#8220;1.8em&#8220; header_font=&#8220;||||||||&#8220; header_text_color=&#8220;#FFFFFF&#8220; header_line_height=&#8220;1.3em&#8220; max_width=&#8220;500px&#8220; custom_margin=&#8220;|||&#8220; custom_padding=&#8220;||10px|&#8220; animation_style=&#8220;slide&#8220; animation_direction=&#8220;left&#8220; animation_intensity_slide=&#8220;5%&#8220; animation_starting_opacity=&#8220;100%&#8220; header_text_shadow_style=&#8220;preset2&#8243;]<h1>Aus Arbeit und Leben einer Selbst\u00e4ndigen<\/h1>[\/et_pb_text][\/et_pb_column][\/et_pb_row][\/et_pb_section][et_pb_section fb_built=&#8220;1&#8243; admin_label=&#8220;Blog Section&#8220; _builder_version=&#8220;4.9.4&#8243; custom_padding=&#8220;2em||2em||false|false&#8220;][et_pb_row column_structure=&#8220;2_3,1_3&#8243; _builder_version=&#8220;3.25&#8243;][et_pb_column type=&#8220;2_3&#8243; _builder_version=&#8220;3.25&#8243; custom_padding=&#8220;|||&#8220; custom_padding__hover=&#8220;|||&#8220;][et_pb_text admin_label=&#8220;Text&#8220; _builder_version=&#8220;4.9.4&#8243; background_size=&#8220;initial&#8220; background_position=&#8220;top_left&#8220; background_repeat=&#8220;repeat&#8220;]\n<p class=\"has-drop-cap\">Seit Februar 2008 bin selbstst\u00e4ndig im Bereich Webdesign\/-programmierung, Grafikdesign und B\u00fcrounterst\u00fctzung t\u00e4tig. In meiner t\u00e4glichen Arbeit begegnet mir einiges, dass ich auf diesem Wege mit anderen teilen m\u00f6chte. Dabei geht es aber nicht nur um meine Arbeit sondern auch um andere Themen, die mich ganz allgemein besch\u00e4ftigen.<\/p>\n\nWeitere Informationen zu meinen Projekten und Kunden gibt es unter\u00a0<a rel=\"noreferrer noopener\" href=\"http:\/\/www.penzenauer.at\/\" target=\"_blank\">www.penzenauer.at<\/a>[\/et_pb_text][\/et_pb_column][et_pb_column type=&#8220;1_3&#8243; _builder_version=&#8220;3.25&#8243; custom_padding=&#8220;|||&#8220; custom_padding__hover=&#8220;|||&#8220;][et_pb_image src=&#8220;https:\/\/www.penzenauer.at\/blog\/wp-content\/uploads\/2021\/01\/visitenkarte.png&#8220; alt=&#8220;R\u00fcckseite der Visitenkarte von Elisabeth Penzenauer&#8220; title_text=&#8220;R\u00fcckseite der Visitenkarte von Elisabeth Penzenauer&#8220; _builder_version=&#8220;4.9.4&#8243; _module_preset=&#8220;default&#8220;][\/et_pb_image][\/et_pb_column][\/et_pb_row][et_pb_row _builder_version=&#8220;3.25&#8243;][et_pb_column type=&#8220;4_4&#8243; _builder_version=&#8220;3.25&#8243; custom_padding=&#8220;|||&#8220; custom_padding__hover=&#8220;|||&#8220;][et_pb_blog fullwidth=&#8220;off&#8220; posts_number=&#8220;9&#8243; include_categories=&#8220;21,16,4&#8243; meta_date=&#8220;d. F Y&#8220; show_more=&#8220;on&#8220; show_author=&#8220;off&#8220; masonry_tile_background_color=&#8220;#f9ded1&#8243; _builder_version=&#8220;4.9.4&#8243; header_font=&#8220;|700|||||||&#8220; header_text_color=&#8220;#2e4770&#8243; body_font=&#8220;||||||||&#8220; meta_font=&#8220;||||||||&#8220; meta_text_color=&#8220;#ffffff&#8220; hover_enabled=&#8220;0&#8243; border_width_all=&#8220;0px&#8220; sticky_enabled=&#8220;0&#8243;][\/et_pb_blog][\/et_pb_column][\/et_pb_row][\/et_pb_section]","protected":false},"excerpt":{"rendered":"<p>BlogAus Arbeit und Leben einer Selbst\u00e4ndigen Seit Februar 2008 bin selbstst\u00e4ndig im Bereich Webdesign\/-programmierung, Grafikdesign und B\u00fcrounterst\u00fctzung t\u00e4tig. In meiner t\u00e4glichen Arbeit begegnet mir einiges, dass ich auf diesem Wege mit anderen teilen m\u00f6chte. Dabei geht es aber nicht nur um meine Arbeit sondern auch um andere Themen, die mich ganz allgemein besch\u00e4ftigen. Weitere Informationen [&hellip;]<\/p>\n","protected":false},"author":1,"featured_media":0,"parent":0,"menu_order":0,"comment_status":"closed","ping_status":"closed","template":"","meta":{"_et_pb_use_builder":"on","_et_pb_old_content":"<!-- wp:heading {\"level\":1,\"className\":\"startseite\"} -->\n<h1 class=\"startseite\">Aus Arbeit und Leben einer Selbst\u00e4ndigen<\/h1>\n<!-- \/wp:heading -->\n\n<!-- wp:columns -->\n<div class=\"wp-block-columns\"><!-- wp:column {\"width\":\"66.66%\"} -->\n<div class=\"wp-block-column\" style=\"flex-basis:66.66%\"><!-- wp:paragraph {\"dropCap\":true} -->\n<p class=\"has-drop-cap\">Seit Februar 2008 bin selbstst\u00e4ndig im Bereich Webdesign\/-programmierung, Grafikdesign und B\u00fcrounterst\u00fctzung t\u00e4tig.<\/p>\n<!-- \/wp:paragraph -->\n\n<!-- wp:paragraph -->\n<p>In meiner t\u00e4glichen Arbeit begegnet mir einiges, dass ich auf diesem Wege mit anderen teilen m\u00f6chte. Dabei geht es aber nicht nur um meine Arbeit sondern auch um andere Themen, die mich ganz allgemein besch\u00e4ftigen.<\/p>\n<!-- \/wp:paragraph -->\n\n<!-- wp:paragraph -->\n<p>Weitere Informationen zu meinen Projekten und Kunden gibt es  unter&nbsp;<a rel=\"noreferrer noopener\" href=\"http:\/\/www.penzenauer.at\/\" target=\"_blank\">www.penzenauer.at<\/a><\/p>\n<!-- \/wp:paragraph --><\/div>\n<!-- \/wp:column -->\n\n<!-- wp:column {\"width\":\"33.33%\"} -->\n<div class=\"wp-block-column\" style=\"flex-basis:33.33%\"><!-- wp:image {\"id\":31,\"sizeSlug\":\"large\",\"linkDestination\":\"none\"} -->\n<figure class=\"wp-block-image size-large\"><img src=\"https:\/\/www.penzenauer.at\/blog\/wp-content\/uploads\/2021\/01\/visitenkarte.png\" alt=\"R\u00fcckseite der Visitenkarte von Elisabeth Penzenauer\" class=\"wp-image-31\"\/><\/figure>\n<!-- \/wp:image --><\/div>\n<!-- \/wp:column --><\/div>\n<!-- \/wp:columns -->\n\n<!-- wp:group {\"align\":\"full\"} -->\n<div class=\"wp-block-group alignfull\"><div class=\"wp-block-group__inner-container\"><!-- wp:columns {\"align\":\"full\"} -->\n<div class=\"wp-block-columns alignfull\"><!-- wp:column {\"width\":\"100%\"} -->\n<div class=\"wp-block-column\" style=\"flex-basis:100%\"><!-- wp:group {\"align\":\"full\",\"className\":\"is-style-default\"} -->\n<div class=\"wp-block-group alignfull is-style-default\"><div class=\"wp-block-group__inner-container\"><!-- wp:latest-posts {\"postsToShow\":4,\"displayPostContent\":true,\"excerptLength\":27,\"displayPostDate\":true,\"postLayout\":\"grid\",\"columns\":4,\"displayFeaturedImage\":true,\"featuredImageSizeSlug\":\"medium\",\"addLinkToFeaturedImage\":true,\"align\":\"full\"} \/--><\/div><\/div>\n<!-- \/wp:group --><\/div>\n<!-- \/wp:column --><\/div>\n<!-- \/wp:columns --><\/div><\/div>\n<!-- \/wp:group -->\n\n<!-- wp:buttons -->\n<div class=\"wp-block-buttons\"><!-- wp:button -->\n<div class=\"wp-block-button\"><a class=\"wp-block-button__link\" href=\"https:\/\/www.penzenauer.at\/blog\/blog\">Noch mehr Beitr\u00e4ge<\/a><\/div>\n<!-- \/wp:button -->\n\n<!-- wp:button -->\n<div class=\"wp-block-button\"><a class=\"wp-block-button__link\">Zur\u00fcck zu penzenauer.at<\/a><\/div>\n<!-- \/wp:button --><\/div>\n<!-- \/wp:buttons -->","_et_gb_content_width":"","footnotes":""},"class_list":["post-36","page","type-page","status-publish","hentry"],"_links":{"self":[{"href":"https:\/\/www.penzenauer.at\/blog\/wp-json\/wp\/v2\/pages\/36","targetHints":{"allow":["GET"]}}],"collection":[{"href":"https:\/\/www.penzenauer.at\/blog\/wp-json\/wp\/v2\/pages"}],"about":[{"href":"https:\/\/www.penzenauer.at\/blog\/wp-json\/wp\/v2\/types\/page"}],"author":[{"embeddable":true,"href":"https:\/\/www.penzenauer.at\/blog\/wp-json\/wp\/v2\/users\/1"}],"replies":[{"embeddable":true,"href":"https:\/\/www.penzenauer.at\/blog\/wp-json\/wp\/v2\/comments?post=36"}],"version-history":[{"count":16,"href":"https:\/\/www.penzenauer.at\/blog\/wp-json\/wp\/v2\/pages\/36\/revisions"}],"predecessor-version":[{"id":259,"href":"https:\/\/www.penzenauer.at\/blog\/wp-json\/wp\/v2\/pages\/36\/revisions\/259"}],"wp:attachment":[{"href":"https:\/\/www.penzenauer.at\/blog\/wp-json\/wp\/v2\/media?parent=36"}],"curies":[{"name":"wp","href":"https:\/\/api.w.org\/{rel}","templated":true}]}}